{"id":281,"date":"2021-09-24T21:02:14","date_gmt":"2021-09-24T19:02:14","guid":{"rendered":"http:\/\/facturationinfirmier.fr\/?page_id=281"},"modified":"2021-09-26T22:07:02","modified_gmt":"2021-09-26T20:07:02","slug":"services-2","status":"publish","type":"page","link":"https:\/\/facturationinfirmier.fr\/?page_id=281","title":{"rendered":"Services"},"content":{"rendered":"\n<div class=\"wp-block-columns is-layout-flex wp-container-core-columns-is-layout-1 wp-block-columns-is-layout-flex\">\n<div class=\"wp-block-column is-layout-flow wp-block-column-is-layout-flow\" style=\"flex-basis:66.66%\">\n<p class=\"has-text-align-center\"><strong><span class=\"has-inline-color has-ast-global-color-0-color\">Facturation Infirmier Service<\/span><\/strong> se charge de toutes les t\u00e2ches administratives quotidiennes des Infirmiers Lib\u00e9raux.<\/p>\n<\/div>\n\n\n\n<div class=\"wp-block-column is-layout-flow wp-block-column-is-layout-flow\" style=\"flex-basis:33.33%\">\n<div class=\"wp-block-image\"><figure class=\"aligncenter size-full is-resized\"><img loading=\"lazy\" decoding=\"async\" src=\"http:\/\/facturationinfirmier.fr\/wp-content\/uploads\/2021\/09\/20210921_223803.jpg\" alt=\"\" class=\"wp-image-125\" width=\"142\" height=\"82\" srcset=\"https:\/\/facturationinfirmier.fr\/wp-content\/uploads\/2021\/09\/20210921_223803.jpg 958w, https:\/\/facturationinfirmier.fr\/wp-content\/uploads\/2021\/09\/20210921_223803-300x173.jpg 300w, https:\/\/facturationinfirmier.fr\/wp-content\/uploads\/2021\/09\/20210921_223803-768x444.jpg 768w\" sizes=\"auto, (max-width: 142px) 100vw, 142px\" \/><\/figure><\/div>\n<\/div>\n<\/div>\n\n\n\n<p><strong>Nous nous occupons de tout :<\/strong><\/p>\n\n\n\n<ul class=\"wp-block-list\"><li>Enregistrement des patients (carte vitale, mutuelle)<\/li><\/ul>\n\n\n\n<ul class=\"wp-block-list\"><li>Planification des Soins<\/li><\/ul>\n\n\n\n<ul class=\"wp-block-list\"><li>Enregistrement des prescriptions (<strong>surveillance de conformit\u00e9 des ordonnances et des cotations aux actes effectu\u00e9s<\/strong>)<\/li><\/ul>\n\n\n\n<ul class=\"wp-block-list\"><li>Edition des FSE (feuilles de soin \u00e9lectronique) et des DRE (demandes de remboursement \u00e9lectronique)<\/li><\/ul>\n\n\n\n<ul class=\"wp-block-list\"><li>Envoi d&rsquo;un bordereau r\u00e9capitulatif&nbsp;des&nbsp;factures\/actes avant d&rsquo;\u00eatre t\u00e9l\u00e9transmises<\/li><\/ul>\n\n\n\n<ul class=\"wp-block-list\"><li>T\u00e9l\u00e9transmission des factures aux diff\u00e9rentes caisses et mutuelles<\/li><\/ul>\n\n\n\n<ul class=\"wp-block-list\"><li>Suivi des paiements et traitements des rejets<\/li><\/ul>\n\n\n\n<ul class=\"wp-block-list\"><li>Vous recevez une fiche de suivi&nbsp;avec les dates de&nbsp;renouvellement de vos ordonnances<\/li><\/ul>\n\n\n\n<ul class=\"wp-block-list\"><li>Pr\u00e9paration des D\u00e9marches de Soins (AIS) et \u00e9ventuel BSI selon les informations que vous nous transmettrez<\/li><\/ul>\n\n\n\n<ul class=\"wp-block-list\"><li>Traitement et gestion de la facturation des rempla\u00e7ants<\/li><\/ul>\n\n\n\n<ul class=\"wp-block-list\"><li><strong>Fr\u00e9quence de facturation aux choix<\/strong>, sans frais suppl\u00e9mentaires ( toutes les 2 semaines ou tous les mois)<\/li><\/ul>\n\n\n\n<div class=\"wp-block-columns is-layout-flex wp-container-core-columns-is-layout-2 wp-block-columns-is-layout-flex\">\n<div class=\"wp-block-column is-layout-flow wp-block-column-is-layout-flow\" style=\"flex-basis:66.66%\">\n<p class=\"has-text-align-center\"><strong>T\u00e9l\u00e9transmission S\u00e9curis\u00e9e:<\/strong> <\/p>\n\n\n\n<p class=\"has-text-align-center\">Tous nos serveurs sont <strong>agr\u00e9\u00e9s ASIP SANTE<\/strong>&nbsp;afin de s\u00e9curiser tous les \u00e9changes de donn\u00e9es et d&rsquo;ordonnances. <\/p>\n<\/div>\n\n\n\n<div class=\"wp-block-column is-layout-flow wp-block-column-is-layout-flow\" style=\"flex-basis:33.33%\">\n<div class=\"wp-block-image\"><figure class=\"alignright size-full is-resized\"><img loading=\"lazy\" decoding=\"async\" src=\"http:\/\/facturationinfirmier.fr\/wp-content\/uploads\/2021\/09\/Screenshot_20210922-014643_Samsung-Internet-2.jpg\" alt=\"\" class=\"wp-image-115\" width=\"82\" height=\"75\" srcset=\"https:\/\/facturationinfirmier.fr\/wp-content\/uploads\/2021\/09\/Screenshot_20210922-014643_Samsung-Internet-2.jpg 522w, https:\/\/facturationinfirmier.fr\/wp-content\/uploads\/2021\/09\/Screenshot_20210922-014643_Samsung-Internet-2-300x276.jpg 300w\" sizes=\"auto, (max-width: 82px) 100vw, 82px\" \/><\/figure><\/div>\n\n\n\n<p><\/p>\n<\/div>\n<\/div>\n\n\n\n<div class=\"wp-block-columns is-layout-flex wp-container-core-columns-is-layout-6 wp-block-columns-is-layout-flex\">\n<div class=\"wp-block-column is-layout-flow wp-block-column-is-layout-flow\" style=\"flex-basis:100%\">\n<div class=\"wp-block-columns is-layout-flex wp-container-core-columns-is-layout-5 wp-block-columns-is-layout-flex\">\n<div class=\"wp-block-column is-layout-flow wp-block-column-is-layout-flow\" style=\"flex-basis:100%\">\n<div class=\"wp-block-columns is-layout-flex wp-container-core-columns-is-layout-4 wp-block-columns-is-layout-flex\">\n<div class=\"wp-block-column is-layout-flow wp-block-column-is-layout-flow\" style=\"flex-basis:100%\">\n<div class=\"wp-block-columns is-layout-flex wp-container-core-columns-is-layout-3 wp-block-columns-is-layout-flex\">\n<div class=\"wp-block-column is-layout-flow wp-block-column-is-layout-flow\" style=\"flex-basis:33.33%\">\n<div class=\"wp-block-image\"><figure class=\"aligncenter size-large is-resized\"><img loading=\"lazy\" decoding=\"async\" src=\"http:\/\/facturationinfirmier.fr\/wp-content\/uploads\/2021\/09\/20210921_224321-3-1024x686.jpg\" alt=\"\" class=\"wp-image-77\" width=\"235\" height=\"157\" srcset=\"https:\/\/facturationinfirmier.fr\/wp-content\/uploads\/2021\/09\/20210921_224321-3-1024x686.jpg 1024w, https:\/\/facturationinfirmier.fr\/wp-content\/uploads\/2021\/09\/20210921_224321-3-300x201.jpg 300w, https:\/\/facturationinfirmier.fr\/wp-content\/uploads\/2021\/09\/20210921_224321-3-768x514.jpg 768w, https:\/\/facturationinfirmier.fr\/wp-content\/uploads\/2021\/09\/20210921_224321-3.jpg 1047w\" sizes=\"auto, (max-width: 235px) 100vw, 235px\" \/><\/figure><\/div>\n\n\n\n<p><\/p>\n<\/div>\n\n\n\n<div class=\"wp-block-column is-layout-flow wp-block-column-is-layout-flow\" style=\"flex-basis:66.66%\">\n<p>Vous restez inform\u00e9 de toutes les d\u00e9marches qui sont r\u00e9alis\u00e9es.<\/p>\n\n\n\n<p>Le service de facturation se d\u00e9roule par une connexion \u00e0 distance \u00e0 l&rsquo;aide de votre ordinateur et du lecteur de carte vitale.<\/p>\n<\/div>\n<\/div>\n<\/div>\n<\/div>\n<\/div>\n<\/div>\n<\/div>\n<\/div>\n\n\n\n<div class=\"wp-block-columns is-layout-flex wp-container-core-columns-is-layout-7 wp-block-columns-is-layout-flex\">\n<div class=\"wp-block-column is-layout-flow wp-block-column-is-layout-flow\" style=\"flex-basis:66.66%\">\n<p class=\"has-text-align-center\"><strong>Vous n&rsquo;avez pas besoin de logiciel.<\/strong><\/p>\n\n\n\n<p>Si vous disposez d\u00e9j\u00e0 d&rsquo;un logiciel, pas de probl\u00e8me:<\/p>\n\n\n\n<ul class=\"wp-block-list\"><li>Vous pouvez conserver votre logiciel<\/li><li>Vous pouvez profiter du <strong>Service Premium <\/strong>avec le Logiciel SOINS 2000 inclus<\/li><\/ul>\n<\/div>\n\n\n\n<div class=\"wp-block-column is-layout-flow wp-block-column-is-layout-flow\" style=\"flex-basis:33.33%\">\n<figure class=\"wp-block-image size-full is-resized\"><img loading=\"lazy\" decoding=\"async\" src=\"http:\/\/facturationinfirmier.fr\/wp-content\/uploads\/2021\/09\/20210922_014213-3.jpg\" alt=\"\" class=\"wp-image-112\" width=\"277\" height=\"115\" srcset=\"https:\/\/facturationinfirmier.fr\/wp-content\/uploads\/2021\/09\/20210922_014213-3.jpg 493w, https:\/\/facturationinfirmier.fr\/wp-content\/uploads\/2021\/09\/20210922_014213-3-300x126.jpg 300w\" sizes=\"auto, (max-width: 277px) 100vw, 277px\" \/><\/figure>\n\n\n\n<p><\/p>\n<\/div>\n<\/div>\n\n\n\n<p class=\"has-text-align-center\"><strong>Nous nous occupons de la facturation<\/strong>, <strong>des retours noemi, de la t\u00e9l\u00e9transmission et de tout ce que concerne le m\u00e9tier d&rsquo;un professionnel lib\u00e9ral. <\/strong><\/p>\n\n\n\n<p class=\"has-text-align-center\"><strong><span class=\"has-inline-color has-ast-global-color-0-color\">Facturation Infirmier Service<\/span> s&rsquo;adapte \u00e0 vos besoins.<\/strong> <\/p>\n\n\n\n<p class=\"has-text-align-center\"><strong>N&rsquo;attendez plus et faites appel \u00e0 nos services.<\/strong><\/p>\n\n\n\n<div class=\"wp-block-columns is-layout-flex wp-container-core-columns-is-layout-8 wp-block-columns-is-layout-flex\">\n<div class=\"wp-block-column is-layout-flow wp-block-column-is-layout-flow\">\n<figure class=\"wp-block-gallery columns-1 is-cropped wp-block-gallery-1 is-layout-flex wp-block-gallery-is-layout-flex\"><ul class=\"blocks-gallery-grid\"><li class=\"blocks-gallery-item\"><figure><img loading=\"lazy\" decoding=\"async\" width=\"908\" height=\"432\" src=\"http:\/\/facturationinfirmier.fr\/wp-content\/uploads\/2021\/09\/20210921_223859-1.jpg\" alt=\"\" data-id=\"108\" data-full-url=\"http:\/\/facturationinfirmier.fr\/wp-content\/uploads\/2021\/09\/20210921_223859-1.jpg\" data-link=\"http:\/\/facturationinfirmier.fr\/?attachment_id=108\" class=\"wp-image-108\" srcset=\"https:\/\/facturationinfirmier.fr\/wp-content\/uploads\/2021\/09\/20210921_223859-1.jpg 908w, https:\/\/facturationinfirmier.fr\/wp-content\/uploads\/2021\/09\/20210921_223859-1-300x143.jpg 300w, https:\/\/facturationinfirmier.fr\/wp-content\/uploads\/2021\/09\/20210921_223859-1-768x365.jpg 768w\" sizes=\"auto, (max-width: 908px) 100vw, 908px\" \/><figcaption class=\"blocks-gallery-item__caption\"><strong>Je pratique mon m\u00e9tier sans contraintes<\/strong><\/figcaption><\/figure><\/li><\/ul><\/figure>\n<\/div>\n\n\n\n<div class=\"wp-block-column is-layout-flow wp-block-column-is-layout-flow\">\n<figure class=\"wp-block-gallery columns-1 is-cropped wp-block-gallery-2 is-layout-flex wp-block-gallery-is-layout-flex\"><ul class=\"blocks-gallery-grid\"><li class=\"blocks-gallery-item\"><figure><img loading=\"lazy\" decoding=\"async\" width=\"962\" height=\"551\" src=\"http:\/\/facturationinfirmier.fr\/wp-content\/uploads\/2021\/09\/20210921_224258-1.jpg\" alt=\"\" data-id=\"110\" data-full-url=\"http:\/\/facturationinfirmier.fr\/wp-content\/uploads\/2021\/09\/20210921_224258-1.jpg\" data-link=\"http:\/\/facturationinfirmier.fr\/?attachment_id=110\" class=\"wp-image-110\" srcset=\"https:\/\/facturationinfirmier.fr\/wp-content\/uploads\/2021\/09\/20210921_224258-1.jpg 962w, https:\/\/facturationinfirmier.fr\/wp-content\/uploads\/2021\/09\/20210921_224258-1-300x172.jpg 300w, https:\/\/facturationinfirmier.fr\/wp-content\/uploads\/2021\/09\/20210921_224258-1-768x440.jpg 768w\" sizes=\"auto, (max-width: 962px) 100vw, 962px\" \/><figcaption class=\"blocks-gallery-item__caption\"><strong>Je prends du temps pour moi et pour ma famille!<\/strong><\/figcaption><\/figure><\/li><\/ul><\/figure>\n<\/div>\n<\/div>\n\n\n\n<p><\/p>\n","protected":false},"excerpt":{"rendered":"<p>Facturation Infirmier Service se charge de toutes les t\u00e2ches administratives quotidiennes des Infirmiers Lib\u00e9raux. Nous nous occupons de tout : Enregistrement des patients (carte vitale, mutuelle) Planification des Soins Enregistrement des prescriptions (surveillance de conformit\u00e9 des ordonnances et des cotations aux actes effectu\u00e9s) Edition des FSE (feuilles de soin \u00e9lectronique) et des DRE (demandes de &hellip;<\/p>\n<p class=\"read-more\"> <a class=\"\" href=\"https:\/\/facturationinfirmier.fr\/?page_id=281\"> <span class=\"screen-reader-text\">Services<\/span> Lire la suite\u00a0\u00bb<\/a><\/p>\n","protected":false},"author":1,"featured_media":0,"parent":0,"menu_order":0,"comment_status":"closed","ping_status":"closed","template":"","meta":{"om_disable_all_campaigns":false,"_monsterinsights_skip_tracking":false,"_monsterinsights_sitenote_active":false,"_monsterinsights_sitenote_note":"","_monsterinsights_sitenote_category":0,"footnotes":""},"class_list":["post-281","page","type-page","status-publish","hentry"],"aioseo_notices":[],"_links":{"self":[{"href":"https:\/\/facturationinfirmier.fr\/index.php?rest_route=\/wp\/v2\/pages\/281","targetHints":{"allow":["GET"]}}],"collection":[{"href":"https:\/\/facturationinfirmier.fr\/index.php?rest_route=\/wp\/v2\/pages"}],"about":[{"href":"https:\/\/facturationinfirmier.fr\/index.php?rest_route=\/wp\/v2\/types\/page"}],"author":[{"embeddable":true,"href":"https:\/\/facturationinfirmier.fr\/index.php?rest_route=\/wp\/v2\/users\/1"}],"replies":[{"embeddable":true,"href":"https:\/\/facturationinfirmier.fr\/index.php?rest_route=%2Fwp%2Fv2%2Fcomments&post=281"}],"version-history":[{"count":4,"href":"https:\/\/facturationinfirmier.fr\/index.php?rest_route=\/wp\/v2\/pages\/281\/revisions"}],"predecessor-version":[{"id":429,"href":"https:\/\/facturationinfirmier.fr\/index.php?rest_route=\/wp\/v2\/pages\/281\/revisions\/429"}],"wp:attachment":[{"href":"https:\/\/facturationinfirmier.fr\/index.php?rest_route=%2Fwp%2Fv2%2Fmedia&parent=281"}],"curies":[{"name":"wp","href":"https:\/\/api.w.org\/{rel}","templated":true}]}}