{"id":282,"date":"2021-09-24T21:02:14","date_gmt":"2021-09-24T19:02:14","guid":{"rendered":"http:\/\/facturationinfirmier.fr\/?page_id=282"},"modified":"2021-09-27T12:33:54","modified_gmt":"2021-09-27T10:33:54","slug":"avantages-2","status":"publish","type":"page","link":"https:\/\/facturationinfirmier.fr\/?page_id=282","title":{"rendered":"Avantages"},"content":{"rendered":"\n<p><\/p>\n\n\n\n<p><strong><span class=\"has-inline-color has-ast-global-color-0-color\">Facturation Infirmier Service<\/span><\/strong> assure toutes les d\u00e9marches administratives du logiciel de t\u00e9l\u00e9transmission li\u00e9es \u00e0 l\u2019activit\u00e9 des infirmiers(\u00e8res) lib\u00e9raux(ales).<\/p>\n\n\n\n<p>L\u2019organisation et la gestion rigoureuse de notre service vous permettra de b\u00e9n\u00e9ficier de plusieurs avantages:<\/p>\n\n\n\n<ul class=\"wp-block-list\"><li><strong><span style=\"color:#ed0630\" class=\"has-inline-color\">Enti\u00e8rement d\u00e9ductibles de votre d\u00e9claration 2035<\/span><\/strong><\/li><\/ul>\n\n\n\n<ul class=\"wp-block-list\" id=\"block-68430154-94f7-44f0-a8b3-f7345089caf9\"><li>Qualit\u00e9 de service conforme aux attentes des professionnels de sant\u00e9<\/li><\/ul>\n\n\n\n<ul class=\"wp-block-list\"><li>Pas de frais pour les mises \u00e0 jour de dossier (fiches patients, ordonnances, cotations)<\/li><\/ul>\n\n\n\n<ul class=\"wp-block-list\"><li><strong>Surveillance de la conformit\u00e9 des ordonnances-cotations-actes<\/strong> : \u00e9vite des rejets<\/li><\/ul>\n\n\n\n<ul class=\"wp-block-list\"><li>Conseil dans la cotation des actes conforme les prescriptions et les soins r\u00e9alis\u00e9es<\/li><\/ul>\n\n\n\n<ul class=\"wp-block-list\"><li>Cr\u00e9ation fiches de suivi des patients, ordonnances, soins et actes en respectant la NGAP<\/li><\/ul>\n\n\n\n<ul class=\"wp-block-list\"><li><strong>Gestion facturation des rempla\u00e7ants<\/strong> sans frais suppl\u00e9mentaires<\/li><\/ul>\n\n\n\n<ul class=\"wp-block-list\"><li>Service de r\u00e9ception de documents disponible 24h\/24, 7j\/7j<\/li><\/ul>\n\n\n\n<ul class=\"wp-block-list\"><li>T\u00e9l\u00e9transmission FSE\/DRE (s\u00e9curis\u00e9es ou d\u00e9grad\u00e9es) en SCOR selon votre demande<\/li><\/ul>\n\n\n\n<ul class=\"wp-block-list\"><li>Surveillance des paiements en attente (caisses, mutuelles, patients) et des rejets<\/li><\/ul>\n\n\n\n<ul class=\"wp-block-list\"><li>Fr\u00e9quence de facturation a votre choix (tous les 15jours ou mensuel)<\/li><\/ul>\n\n\n\n<ul class=\"wp-block-list\" id=\"block-68430154-94f7-44f0-a8b3-f7345089caf9\"><li>Gagnez du temps pour vous et votre famille<\/li><\/ul>\n\n\n\n<ul class=\"wp-block-list\"><li>Excellent rapport qualit\u00e9 prix!<\/li><\/ul>\n\n\n\n<p><\/p>\n\n\n\n<div class=\"wp-block-columns is-layout-flex wp-container-core-columns-is-layout-1 wp-block-columns-is-layout-flex\">\n<div class=\"wp-block-column is-layout-flow wp-block-column-is-layout-flow\">\n<p class=\"has-text-align-center\"><strong>Lib\u00e9rez-vous des contraintes administratives<\/strong><\/p>\n<\/div>\n\n\n\n<div class=\"wp-block-column is-layout-flow wp-block-column-is-layout-flow\">\n<p class=\"has-text-align-center\"><strong>Consacrez-vous \u00e0 votre m\u00e9tier<\/strong><\/p>\n<\/div>\n\n\n\n<div class=\"wp-block-column is-layout-flow wp-block-column-is-layout-flow\">\n<p class=\"has-text-align-center\"><strong>Gagnez du temps pour vous<\/strong><\/p>\n<\/div>\n<\/div>\n\n\n\n<div class=\"wp-block-columns is-layout-flex wp-container-core-columns-is-layout-2 wp-block-columns-is-layout-flex\">\n<div class=\"wp-block-column is-layout-flow wp-block-column-is-layout-flow\">\n<div class=\"wp-block-image\"><figure class=\"aligncenter size-full\"><img loading=\"lazy\" decoding=\"async\" width=\"967\" height=\"619\" src=\"http:\/\/facturationinfirmier.fr\/wp-content\/uploads\/2021\/09\/20210921_223841.jpg\" alt=\"\" class=\"wp-image-147\" srcset=\"https:\/\/facturationinfirmier.fr\/wp-content\/uploads\/2021\/09\/20210921_223841.jpg 967w, https:\/\/facturationinfirmier.fr\/wp-content\/uploads\/2021\/09\/20210921_223841-300x192.jpg 300w, https:\/\/facturationinfirmier.fr\/wp-content\/uploads\/2021\/09\/20210921_223841-768x492.jpg 768w\" sizes=\"auto, (max-width: 967px) 100vw, 967px\" \/><\/figure><\/div>\n\n\n\n<p><\/p>\n<\/div>\n\n\n\n<div class=\"wp-block-column is-layout-flow wp-block-column-is-layout-flow\">\n<div class=\"wp-block-image\"><figure class=\"aligncenter size-full\"><img loading=\"lazy\" decoding=\"async\" width=\"869\" height=\"559\" src=\"http:\/\/facturationinfirmier.fr\/wp-content\/uploads\/2021\/09\/20210921_224055-1.jpg\" alt=\"\" class=\"wp-image-148\" srcset=\"https:\/\/facturationinfirmier.fr\/wp-content\/uploads\/2021\/09\/20210921_224055-1.jpg 869w, https:\/\/facturationinfirmier.fr\/wp-content\/uploads\/2021\/09\/20210921_224055-1-300x193.jpg 300w, https:\/\/facturationinfirmier.fr\/wp-content\/uploads\/2021\/09\/20210921_224055-1-768x494.jpg 768w\" sizes=\"auto, (max-width: 869px) 100vw, 869px\" \/><\/figure><\/div>\n<\/div>\n\n\n\n<div class=\"wp-block-column is-layout-flow wp-block-column-is-layout-flow\">\n<div class=\"wp-block-image\"><figure class=\"aligncenter size-full is-resized\"><img loading=\"lazy\" decoding=\"async\" src=\"http:\/\/facturationinfirmier.fr\/wp-content\/uploads\/2021\/09\/20210921_224544-1.jpg\" alt=\"\" class=\"wp-image-150\" width=\"336\" height=\"183\" srcset=\"https:\/\/facturationinfirmier.fr\/wp-content\/uploads\/2021\/09\/20210921_224544-1.jpg 868w, https:\/\/facturationinfirmier.fr\/wp-content\/uploads\/2021\/09\/20210921_224544-1-300x164.jpg 300w, https:\/\/facturationinfirmier.fr\/wp-content\/uploads\/2021\/09\/20210921_224544-1-768x419.jpg 768w\" sizes=\"auto, (max-width: 336px) 100vw, 336px\" \/><\/figure><\/div>\n\n\n\n<p><\/p>\n<\/div>\n<\/div>\n\n\n\n<p class=\"has-text-align-center\"><strong><span class=\"has-inline-color has-ast-global-color-0-color\">100% d\u00e9ductible de vos charges professionnelles<\/span><\/strong><\/p>\n\n\n\n<p class=\"has-text-align-center\"><strong>Service disponible 24h\/24<\/strong> pour r\u00e9ception de vos documents, ordonnances, informations des patients, d\u00e9but ou arr\u00eat de soins.<\/p>\n\n\n\n<p class=\"has-text-align-center\">Outils de communication simples et modernes.  <\/p>\n\n\n\n<p class=\"has-text-align-center\"><em><span style=\"\" class=\"has-inline-color\"><font color=\"#d0160b\"><b>Une Infirmi\u00e8re qui <\/b><\/font><\/span><strong><span style=\"color:#d0160b\" class=\"has-inline-color\">connait le m\u00e9tier et qui se met \u00e0 votre disposition pour vous aider dans toutes les d\u00e9marches li\u00e9es \u00e0 la facturation<\/span><\/strong><\/em>.<\/p>\n\n\n\n<p class=\"has-text-align-center\">\u200bPour plus d&rsquo;informations &nbsp;appelez-nous d\u00e8s aujourd&rsquo;hui<\/p>\n\n\n\n<p><\/p>\n","protected":false},"excerpt":{"rendered":"<p>Facturation Infirmier Service assure toutes les d\u00e9marches administratives du logiciel de t\u00e9l\u00e9transmission li\u00e9es \u00e0 l\u2019activit\u00e9 des infirmiers(\u00e8res) lib\u00e9raux(ales). L\u2019organisation et la gestion rigoureuse de notre service vous permettra de b\u00e9n\u00e9ficier de plusieurs avantages: Enti\u00e8rement d\u00e9ductibles de votre d\u00e9claration 2035 Qualit\u00e9 de service conforme aux attentes des professionnels de sant\u00e9 Pas de frais pour les mises &hellip;<\/p>\n<p class=\"read-more\"> <a class=\"\" href=\"https:\/\/facturationinfirmier.fr\/?page_id=282\"> <span class=\"screen-reader-text\">Avantages<\/span> Lire la suite\u00a0\u00bb<\/a><\/p>\n","protected":false},"author":1,"featured_media":0,"parent":0,"menu_order":0,"comment_status":"closed","ping_status":"closed","template":"","meta":{"om_disable_all_campaigns":false,"_monsterinsights_skip_tracking":false,"_monsterinsights_sitenote_active":false,"_monsterinsights_sitenote_note":"","_monsterinsights_sitenote_category":0,"footnotes":""},"class_list":["post-282","page","type-page","status-publish","hentry"],"aioseo_notices":[],"_links":{"self":[{"href":"https:\/\/facturationinfirmier.fr\/index.php?rest_route=\/wp\/v2\/pages\/282","targetHints":{"allow":["GET"]}}],"collection":[{"href":"https:\/\/facturationinfirmier.fr\/index.php?rest_route=\/wp\/v2\/pages"}],"about":[{"href":"https:\/\/facturationinfirmier.fr\/index.php?rest_route=\/wp\/v2\/types\/page"}],"author":[{"embeddable":true,"href":"https:\/\/facturationinfirmier.fr\/index.php?rest_route=\/wp\/v2\/users\/1"}],"replies":[{"embeddable":true,"href":"https:\/\/facturationinfirmier.fr\/index.php?rest_route=%2Fwp%2Fv2%2Fcomments&post=282"}],"version-history":[{"count":5,"href":"https:\/\/facturationinfirmier.fr\/index.php?rest_route=\/wp\/v2\/pages\/282\/revisions"}],"predecessor-version":[{"id":439,"href":"https:\/\/facturationinfirmier.fr\/index.php?rest_route=\/wp\/v2\/pages\/282\/revisions\/439"}],"wp:attachment":[{"href":"https:\/\/facturationinfirmier.fr\/index.php?rest_route=%2Fwp%2Fv2%2Fmedia&parent=282"}],"curies":[{"name":"wp","href":"https:\/\/api.w.org\/{rel}","templated":true}]}}