{"id":330,"date":"2021-09-24T21:18:36","date_gmt":"2021-09-24T19:18:36","guid":{"rendered":"http:\/\/facturationinfirmier.fr\/?page_id=330"},"modified":"2021-09-30T20:47:36","modified_gmt":"2021-09-30T18:47:36","slug":"accueil","status":"publish","type":"page","link":"https:\/\/facturationinfirmier.fr\/","title":{"rendered":"Accueil"},"content":{"rendered":"\n<h2 class=\"has-text-align-center wp-block-heading\"><strong><span class=\"has-inline-color has-ast-global-color-0-color\">Facturation Infirmier Service<\/span><\/strong><\/h2>\n\n\n\n<h2 class=\"has-text-align-center wp-block-heading\"><strong> Soignez vos patients et Prenez Soin de vous<\/strong><\/h2>\n\n\n\n<p><\/p>\n\n\n\n<p><\/p>\n\n\n\n<div class=\"wp-block-columns is-layout-flex wp-container-core-columns-is-layout-3 wp-block-columns-is-layout-flex\">\n<div class=\"wp-block-column is-layout-flow wp-block-column-is-layout-flow\" style=\"flex-basis:50%\">\n<div class=\"wp-block-columns is-layout-flex wp-container-core-columns-is-layout-2 wp-block-columns-is-layout-flex\">\n<div class=\"wp-block-column is-layout-flow wp-block-column-is-layout-flow\" style=\"flex-basis:100%\">\n<div class=\"wp-block-columns is-layout-flex wp-container-core-columns-is-layout-1 wp-block-columns-is-layout-flex\">\n<div class=\"wp-block-column is-layout-flow wp-block-column-is-layout-flow\" style=\"flex-basis:100%\">\n<div class=\"wp-block-image\"><figure class=\"aligncenter size-full is-resized\"><img loading=\"lazy\" decoding=\"async\" src=\"http:\/\/facturationinfirmier.fr\/wp-content\/uploads\/2021\/09\/20210921_223917-6.jpg\" alt=\"\" class=\"wp-image-133\" width=\"265\" height=\"216\" srcset=\"https:\/\/facturationinfirmier.fr\/wp-content\/uploads\/2021\/09\/20210921_223917-6.jpg 866w, https:\/\/facturationinfirmier.fr\/wp-content\/uploads\/2021\/09\/20210921_223917-6-300x245.jpg 300w, https:\/\/facturationinfirmier.fr\/wp-content\/uploads\/2021\/09\/20210921_223917-6-768x628.jpg 768w\" sizes=\"auto, (max-width: 265px) 100vw, 265px\" \/><\/figure><\/div>\n<\/div>\n<\/div>\n<\/div>\n<\/div>\n<\/div>\n\n\n\n<div class=\"wp-block-column is-layout-flow wp-block-column-is-layout-flow\" style=\"flex-basis:50%\">\n<p>Apr\u00e8s une longue journ\u00e9e bien charg\u00e9e avec les soins aupr\u00e8s de vos patients, avez-vous le temps et la disponibilit\u00e9 pour vous occuper de tout le travail administratif?<\/p>\n\n\n\n<p>Faites-vous partie de ceux qui effectuent la facturation le soir ou pendant leur temps de \u00ab\u00a0repos\u00a0\u00bb ?<\/p>\n\n\n\n<p>Vous pouvez confier votre facturation en toute confiance.<\/p>\n<\/div>\n<\/div>\n\n\n\n<p class=\"has-text-align-center\"><strong><span class=\"has-inline-color has-ast-global-color-0-color\">Facturation Infirmier Service<\/span> a \u00e9t\u00e9 cr\u00e9e par une Infirmi\u00e8re Lib\u00e9rale form\u00e9e dans la NGPA. <\/strong><\/p>\n\n\n\n<p class=\"has-text-align-center\"><span style=\"\" class=\"has-inline-color\"><font color=\"#e10b1d\"><b>Avec plusieurs ann\u00e9es d&rsquo;exp\u00e9rience dans l&rsquo;activit\u00e9 <\/b><\/font><\/span><strong><span style=\"color:#e10b1d\" class=\"has-inline-color\">Lib\u00e9rale vous aurez un suivi adapt\u00e9 \u00e0 votre activit\u00e9<\/span><\/strong>.<\/p>\n\n\n\n<p><\/p>\n\n\n\n<p><\/p>\n\n\n\n<p><\/p>\n\n\n\n<div class=\"wp-block-columns is-layout-flex wp-container-core-columns-is-layout-4 wp-block-columns-is-layout-flex\">\n<div class=\"wp-block-column is-layout-flow wp-block-column-is-layout-flow\" style=\"flex-basis:66.66%\">\n<div class=\"wp-block-image\"><figure class=\"aligncenter size-full is-resized\"><img loading=\"lazy\" decoding=\"async\" src=\"http:\/\/facturationinfirmier.fr\/wp-content\/uploads\/2021\/09\/20210921_224421-1.jpg\" alt=\"\" class=\"wp-image-84\" width=\"483\" height=\"231\" srcset=\"https:\/\/facturationinfirmier.fr\/wp-content\/uploads\/2021\/09\/20210921_224421-1.jpg 913w, https:\/\/facturationinfirmier.fr\/wp-content\/uploads\/2021\/09\/20210921_224421-1-300x144.jpg 300w, https:\/\/facturationinfirmier.fr\/wp-content\/uploads\/2021\/09\/20210921_224421-1-768x368.jpg 768w\" sizes=\"auto, (max-width: 483px) 100vw, 483px\" \/><figcaption>Fini les \u00ab\u00a0prises de t\u00eate\u00a0\u00bb avec les papiers<\/figcaption><\/figure><\/div>\n\n\n\n<p><\/p>\n<\/div>\n\n\n\n<div class=\"wp-block-column is-layout-flow wp-block-column-is-layout-flow\" style=\"flex-basis:33.33%\">\n<p><\/p>\n\n\n\n<p class=\"has-text-align-center\"><strong>Vous pouvez vous d\u00e9dier a 100% \u00e0 vos patients. <\/strong><\/p>\n\n\n\n<p class=\"has-text-align-center\"><strong><span class=\"has-inline-color has-ast-global-color-0-color\">Facturation Infirmier Service<\/span> s&rsquo;occupe du reste.<\/strong><\/p>\n<\/div>\n<\/div>\n\n\n\n<p><\/p>\n","protected":false},"excerpt":{"rendered":"<p>Facturation Infirmier Service Soignez vos patients et Prenez Soin de vous Apr\u00e8s une longue journ\u00e9e bien charg\u00e9e avec les soins aupr\u00e8s de vos patients, avez-vous le temps et la disponibilit\u00e9 pour vous occuper de tout le travail administratif? Faites-vous partie de ceux qui effectuent la facturation le soir ou pendant leur temps de \u00ab\u00a0repos\u00a0\u00bb ? &hellip;<\/p>\n<p class=\"read-more\"> <a class=\"\" href=\"https:\/\/facturationinfirmier.fr\/\"> <span class=\"screen-reader-text\">Accueil<\/span> Lire la suite\u00a0\u00bb<\/a><\/p>\n","protected":false},"author":1,"featured_media":0,"parent":0,"menu_order":0,"comment_status":"closed","ping_status":"closed","template":"","meta":{"om_disable_all_campaigns":false,"_monsterinsights_skip_tracking":false,"_monsterinsights_sitenote_active":false,"_monsterinsights_sitenote_note":"","_monsterinsights_sitenote_category":0,"footnotes":""},"class_list":["post-330","page","type-page","status-publish","hentry"],"aioseo_notices":[],"_links":{"self":[{"href":"https:\/\/facturationinfirmier.fr\/index.php?rest_route=\/wp\/v2\/pages\/330","targetHints":{"allow":["GET"]}}],"collection":[{"href":"https:\/\/facturationinfirmier.fr\/index.php?rest_route=\/wp\/v2\/pages"}],"about":[{"href":"https:\/\/facturationinfirmier.fr\/index.php?rest_route=\/wp\/v2\/types\/page"}],"author":[{"embeddable":true,"href":"https:\/\/facturationinfirmier.fr\/index.php?rest_route=\/wp\/v2\/users\/1"}],"replies":[{"embeddable":true,"href":"https:\/\/facturationinfirmier.fr\/index.php?rest_route=%2Fwp%2Fv2%2Fcomments&post=330"}],"version-history":[{"count":11,"href":"https:\/\/facturationinfirmier.fr\/index.php?rest_route=\/wp\/v2\/pages\/330\/revisions"}],"predecessor-version":[{"id":449,"href":"https:\/\/facturationinfirmier.fr\/index.php?rest_route=\/wp\/v2\/pages\/330\/revisions\/449"}],"wp:attachment":[{"href":"https:\/\/facturationinfirmier.fr\/index.php?rest_route=%2Fwp%2Fv2%2Fmedia&parent=330"}],"curies":[{"name":"wp","href":"https:\/\/api.w.org\/{rel}","templated":true}]}}