{"id":52,"date":"2021-09-22T00:08:47","date_gmt":"2021-09-21T22:08:47","guid":{"rendered":"http:\/\/facturationinfirmier.fr\/?page_id=52"},"modified":"2021-10-08T16:13:39","modified_gmt":"2021-10-08T14:13:39","slug":"tarifs-2","status":"publish","type":"page","link":"https:\/\/facturationinfirmier.fr\/?page_id=52","title":{"rendered":"Tarifs"},"content":{"rendered":"\n<div class=\"wp-block-columns is-layout-flex wp-container-core-columns-is-layout-1 wp-block-columns-is-layout-flex\">\n<div class=\"wp-block-column is-layout-flow wp-block-column-is-layout-flow\" style=\"flex-basis:66.66%\">\n<p> <strong><span class=\"has-inline-color has-ast-global-color-0-color\">Facturation Infirmier Service<\/span><\/strong> vous offre un service de facturation avec le logiciel SOINS 2000 inclus. <\/p>\n\n\n\n<p>Tous nos serveurs sont <strong>agr\u00e9\u00e9s ASIP SANTE<\/strong>&nbsp;afin de s\u00e9curiser tous les \u00e9changes de donn\u00e9es et d&rsquo;ordonnances.<\/p>\n\n\n\n<p> La t\u00e9l\u00e9transmission en D\u00e9grad\u00e9e  (DRE) reste possible si vous le d\u00e9sirez. <\/p>\n<\/div>\n\n\n\n<div class=\"wp-block-column is-layout-flow wp-block-column-is-layout-flow\" style=\"flex-basis:33.33%\">\n<div class=\"wp-block-image\"><figure class=\"aligncenter size-full is-resized\"><img loading=\"lazy\" decoding=\"async\" src=\"http:\/\/facturationinfirmier.fr\/wp-content\/uploads\/2021\/09\/Screenshot_20210924-193609_Samsung-Internet.jpg\" alt=\"\" class=\"wp-image-191\" width=\"178\" height=\"120\" srcset=\"https:\/\/facturationinfirmier.fr\/wp-content\/uploads\/2021\/09\/Screenshot_20210924-193609_Samsung-Internet.jpg 995w, https:\/\/facturationinfirmier.fr\/wp-content\/uploads\/2021\/09\/Screenshot_20210924-193609_Samsung-Internet-300x203.jpg 300w, https:\/\/facturationinfirmier.fr\/wp-content\/uploads\/2021\/09\/Screenshot_20210924-193609_Samsung-Internet-768x520.jpg 768w\" sizes=\"auto, (max-width: 178px) 100vw, 178px\" \/><\/figure><\/div>\n<\/div>\n<\/div>\n\n\n\n<p>Si vous \u00eates d\u00e9j\u00e0 client de du logiciel 2000 vous b\u00e9n\u00e9ficierez automatiquement du <strong><span class=\"has-inline-color has-ast-global-color-0-color\">SERVICE PREMIUM<\/span><\/strong>.<\/p>\n\n\n\n<figure class=\"wp-block-table aligncenter\"><table><tbody><tr><td><\/td><td class=\"has-text-align-center\" data-align=\"center\">    <span style=\"color:#192ae9\" class=\"has-inline-color\"><strong>SERVICE PREMIUM<\/strong><\/span><br>     <span style=\"color:#192ae9\" class=\"has-inline-color\"><em>SOINS 2000<\/em> inclus<\/span> <\/td><td>    <strong>SERVICE CLASSIQUE<\/strong><br>V<em>ous gardez votre Logiciel<\/em> <\/td><\/tr><tr><td> Chiffre d&rsquo;affaires<strong> &lt; 4500\u20ac\/mois<\/strong> <\/td><td class=\"has-text-align-center\" data-align=\"center\">       <strong><span style=\"color:#192ae9\" class=\"has-inline-color\">220\u20ac \/mois TTC<\/span><\/strong> <\/td><td>        <strong>190\u20ac \/mois TTC<\/strong>  <\/td><\/tr><tr><td> Chiffre d&rsquo;affaires<strong> &lt; 6500\u20ac\/mois<\/strong> <\/td><td class=\"has-text-align-center\" data-align=\"center\">       <strong><span style=\"color:#192ae9\" class=\"has-inline-color\">270\u20ac \/mois TTC<\/span><\/strong> <\/td><td>        <strong>250\u20ac \/mois TTC<\/strong> <\/td><\/tr><tr><td> Chiffre d&rsquo;affaires<strong> &gt;6500\u20ac\/mois<\/strong> <\/td><td class=\"has-text-align-center\" data-align=\"center\"> <strong><span style=\"color:#192ae9\" class=\"has-inline-color\">4,2% chiffre d&rsquo;affaires TTC<\/span><\/strong> <\/td><td>  <strong>4% chiffre d&rsquo;affaires TTC<\/strong> <\/td><\/tr><\/tbody><\/table><figcaption> <strong>*<\/strong>Frais d&rsquo;adh\u00e9sion \u00e0 nos services de 120\u20ac pour l&rsquo;enregistrement initial de toutes les informations administratives, cr\u00e9ation des fiches patients et bordereaux des actes\/cotations. <\/figcaption><\/figure>\n\n\n\n<div class=\"wp-block-columns is-layout-flex wp-container-core-columns-is-layout-2 wp-block-columns-is-layout-flex\">\n<div class=\"wp-block-column is-layout-flow wp-block-column-is-layout-flow\"><\/div>\n\n\n\n<div class=\"wp-block-column is-layout-flow wp-block-column-is-layout-flow\"><\/div>\n<\/div>\n\n\n\n<p class=\"has-text-align-center\"><strong><span style=\"color:#d40a30\" class=\"has-inline-color\">Service 100% d\u00e9ductible sur votre d\u00e9claration 2035<\/span><\/strong><\/p>\n\n\n\n<p class=\"has-text-align-center\">Vous pouvez donc passer l&rsquo;int\u00e9gralit\u00e9 du co\u00fbt de la prestation&nbsp;en frais professionnels, et ainsi&nbsp;<strong>les d\u00e9duire de vos revenus<\/strong><\/p>\n\n\n\n<p><\/p>\n","protected":false},"excerpt":{"rendered":"<p>Facturation Infirmier Service vous offre un service de facturation avec le logiciel SOINS 2000 inclus. Tous nos serveurs sont agr\u00e9\u00e9s ASIP SANTE&nbsp;afin de s\u00e9curiser tous les \u00e9changes de donn\u00e9es et d&rsquo;ordonnances. La t\u00e9l\u00e9transmission en D\u00e9grad\u00e9e (DRE) reste possible si vous le d\u00e9sirez. Si vous \u00eates d\u00e9j\u00e0 client de du logiciel 2000 vous b\u00e9n\u00e9ficierez automatiquement du &hellip;<\/p>\n<p class=\"read-more\"> <a class=\"\" href=\"https:\/\/facturationinfirmier.fr\/?page_id=52\"> <span class=\"screen-reader-text\">Tarifs<\/span> Lire la suite\u00a0\u00bb<\/a><\/p>\n","protected":false},"author":1,"featured_media":0,"parent":0,"menu_order":0,"comment_status":"closed","ping_status":"closed","template":"","meta":{"om_disable_all_campaigns":false,"_monsterinsights_skip_tracking":false,"_monsterinsights_sitenote_active":false,"_monsterinsights_sitenote_note":"","_monsterinsights_sitenote_category":0,"footnotes":""},"class_list":["post-52","page","type-page","status-publish","hentry"],"aioseo_notices":[],"_links":{"self":[{"href":"https:\/\/facturationinfirmier.fr\/index.php?rest_route=\/wp\/v2\/pages\/52","targetHints":{"allow":["GET"]}}],"collection":[{"href":"https:\/\/facturationinfirmier.fr\/index.php?rest_route=\/wp\/v2\/pages"}],"about":[{"href":"https:\/\/facturationinfirmier.fr\/index.php?rest_route=\/wp\/v2\/types\/page"}],"author":[{"embeddable":true,"href":"https:\/\/facturationinfirmier.fr\/index.php?rest_route=\/wp\/v2\/users\/1"}],"replies":[{"embeddable":true,"href":"https:\/\/facturationinfirmier.fr\/index.php?rest_route=%2Fwp%2Fv2%2Fcomments&post=52"}],"version-history":[{"count":28,"href":"https:\/\/facturationinfirmier.fr\/index.php?rest_route=\/wp\/v2\/pages\/52\/revisions"}],"predecessor-version":[{"id":451,"href":"https:\/\/facturationinfirmier.fr\/index.php?rest_route=\/wp\/v2\/pages\/52\/revisions\/451"}],"wp:attachment":[{"href":"https:\/\/facturationinfirmier.fr\/index.php?rest_route=%2Fwp%2Fv2%2Fmedia&parent=52"}],"curies":[{"name":"wp","href":"https:\/\/api.w.org\/{rel}","templated":true}]}}