{"id":91,"date":"2021-09-22T02:27:13","date_gmt":"2021-09-22T00:27:13","guid":{"rendered":"http:\/\/facturationinfirmier.fr\/?page_id=91"},"modified":"2021-10-26T10:53:56","modified_gmt":"2021-10-26T08:53:56","slug":"etapes","status":"publish","type":"page","link":"https:\/\/facturationinfirmier.fr\/?page_id=91","title":{"rendered":"Etapes"},"content":{"rendered":"\n<div class=\"wp-block-columns is-layout-flex wp-container-core-columns-is-layout-1 wp-block-columns-is-layout-flex\">\n<div class=\"wp-block-column is-layout-flow wp-block-column-is-layout-flow\" style=\"flex-basis:33.33%\">\n<div class=\"wp-block-image\"><figure class=\"aligncenter size-full\"><img loading=\"lazy\" decoding=\"async\" width=\"1018\" height=\"669\" src=\"http:\/\/facturationinfirmier.fr\/wp-content\/uploads\/2021\/09\/20210921_224352-2.jpg\" alt=\"\" class=\"wp-image-165\" srcset=\"https:\/\/facturationinfirmier.fr\/wp-content\/uploads\/2021\/09\/20210921_224352-2.jpg 1018w, https:\/\/facturationinfirmier.fr\/wp-content\/uploads\/2021\/09\/20210921_224352-2-300x197.jpg 300w, https:\/\/facturationinfirmier.fr\/wp-content\/uploads\/2021\/09\/20210921_224352-2-768x505.jpg 768w\" sizes=\"auto, (max-width: 1018px) 100vw, 1018px\" \/><\/figure><\/div>\n<\/div>\n\n\n\n<div class=\"wp-block-column is-layout-flow wp-block-column-is-layout-flow\" style=\"flex-basis:66.66%\">\n<p><strong><span class=\"has-inline-color has-ast-global-color-0-color\">Facturation Infirmier Service<\/span><\/strong> s&rsquo;occupera de toutes les d\u00e9marches administratives li\u00e9es \u00e0 la facturation de vos soins et de vos rempla\u00e7ants. <\/p>\n\n\n\n<p>Vous resterez inform\u00e9 de toutes les d\u00e9marches, ordonnances en attente et cotations appliques. <\/p>\n\n\n\n<p>Avec notre exp\u00e9rience dans le m\u00e9tier nous pourrons vous conseiller dans la gestions des cotations appliqu\u00e9es.<\/p>\n\n\n\n<p>Tout le processus restera tr\u00e8s simple.  <\/p>\n\n\n\n<p><\/p>\n<\/div>\n<\/div>\n\n\n\n<p class=\"has-text-align-center\"><strong>Vous aurez besoin seulement d&rsquo;un ordinateur avec connexion internet et de votre lecteur de carte vitale.<\/strong> <\/p>\n\n\n\n<p class=\"has-text-align-center\"><strong><span class=\"has-inline-color has-ast-global-color-0-color\">Facturation Infirmier Service<\/span> s&rsquo;occupera de tout le reste.<\/strong><\/p>\n\n\n\n<ul class=\"wp-block-list\"><li>Vous nous transmettez vos documents (prescriptions m\u00e9dicales, mutuelles des patients, ordonnances, absences patients, d\u00e9but et arr\u00eats de soins ) et votre planning de travail et celui de votre rempla\u00e7ant.  <span class=\"has-inline-color has-ast-global-color-0-color\">Service disponible 24h\/24h <\/span>par message, mail ou application mobile. <\/li><\/ul>\n\n\n\n<ul class=\"wp-block-list\"><li>Pr\u00e9paration des dossiers patients et des bordereaux r\u00e9capitulatifs de la tourn\u00e9e (patients, soins, cotations)<\/li><\/ul>\n\n\n\n<ul class=\"wp-block-list\"><li>Pr\u00e9paration des factures en appliquant la nomenclature en vigueur (NGAP)<\/li><\/ul>\n\n\n\n<ul class=\"wp-block-list\"><li>Nous vous envoyons le bordereau r\u00e9capitulatif des factures pour s\u00e9curiser avec votre TLA   (validation obligatoire avant t\u00e9l\u00e9transmission)<\/li><\/ul>\n\n\n\n<ul class=\"wp-block-list\"><li>T\u00e9l\u00e9transmission des factures en mode s\u00e9curis\u00e9 ou d\u00e9grad\u00e9 via SCOR<\/li><\/ul>\n\n\n\n<ul class=\"wp-block-list\"><li>\u200bSuivi des paiements (premiers r\u00e8glements dans les 48h apr\u00e8s la t\u00e9l\u00e9transmission)<\/li><\/ul>\n\n\n\n<ul class=\"wp-block-list\"><li>Surveillance des r\u00e8glements en attente (parts mutuelles, patients)<\/li><\/ul>\n\n\n\n<p><\/p>\n\n\n\n<p class=\"has-text-align-center\">Les jours de chargement et d\u00e9chargement de votre lecteur de carte vitale il vous suffira de connecter votre lecteur \u00e0 votre ordinateur et de nous pr\u00e9venir par message ou par mail. <\/p>\n\n\n\n<p class=\"has-text-align-center\">Nous ferons le reste!<\/p>\n\n\n\n<p class=\"has-text-align-center\"><strong>N&rsquo;attendez plus et faites appel \u00e0 notre service.<\/strong><\/p>\n","protected":false},"excerpt":{"rendered":"<p>Facturation Infirmier Service s&rsquo;occupera de toutes les d\u00e9marches administratives li\u00e9es \u00e0 la facturation de vos soins et de vos rempla\u00e7ants. Vous resterez inform\u00e9 de toutes les d\u00e9marches, ordonnances en attente et cotations appliques. Avec notre exp\u00e9rience dans le m\u00e9tier nous pourrons vous conseiller dans la gestions des cotations appliqu\u00e9es. Tout le processus restera tr\u00e8s simple. &hellip;<\/p>\n<p class=\"read-more\"> <a class=\"\" href=\"https:\/\/facturationinfirmier.fr\/?page_id=91\"> <span class=\"screen-reader-text\">Etapes<\/span> Lire la suite\u00a0\u00bb<\/a><\/p>\n","protected":false},"author":1,"featured_media":0,"parent":0,"menu_order":0,"comment_status":"closed","ping_status":"closed","template":"","meta":{"om_disable_all_campaigns":false,"_monsterinsights_skip_tracking":false,"_monsterinsights_sitenote_active":false,"_monsterinsights_sitenote_note":"","_monsterinsights_sitenote_category":0,"footnotes":""},"class_list":["post-91","page","type-page","status-publish","hentry"],"aioseo_notices":[],"_links":{"self":[{"href":"https:\/\/facturationinfirmier.fr\/index.php?rest_route=\/wp\/v2\/pages\/91","targetHints":{"allow":["GET"]}}],"collection":[{"href":"https:\/\/facturationinfirmier.fr\/index.php?rest_route=\/wp\/v2\/pages"}],"about":[{"href":"https:\/\/facturationinfirmier.fr\/index.php?rest_route=\/wp\/v2\/types\/page"}],"author":[{"embeddable":true,"href":"https:\/\/facturationinfirmier.fr\/index.php?rest_route=\/wp\/v2\/users\/1"}],"replies":[{"embeddable":true,"href":"https:\/\/facturationinfirmier.fr\/index.php?rest_route=%2Fwp%2Fv2%2Fcomments&post=91"}],"version-history":[{"count":11,"href":"https:\/\/facturationinfirmier.fr\/index.php?rest_route=\/wp\/v2\/pages\/91\/revisions"}],"predecessor-version":[{"id":456,"href":"https:\/\/facturationinfirmier.fr\/index.php?rest_route=\/wp\/v2\/pages\/91\/revisions\/456"}],"wp:attachment":[{"href":"https:\/\/facturationinfirmier.fr\/index.php?rest_route=%2Fwp%2Fv2%2Fmedia&parent=91"}],"curies":[{"name":"wp","href":"https:\/\/api.w.org\/{rel}","templated":true}]}}